{"id":23,"date":"2022-04-11T11:54:14","date_gmt":"2022-04-11T11:54:14","guid":{"rendered":"https:\/\/cofradiaportonovo.com\/enlonxatour\/?page_id=23"},"modified":"2022-08-31T09:14:59","modified_gmt":"2022-08-31T09:14:59","slug":"visita-guiada","status":"publish","type":"page","link":"https:\/\/cofradiaportonovo.com\/enlonxatour\/visita-guiada\/","title":{"rendered":"Visita guiada"},"content":{"rendered":"<p>[et_pb_section fb_built=\u00bb1&#8243; fullwidth=\u00bbon\u00bb _builder_version=\u00bb4.17.0&#8243; _module_preset=\u00bbdefault\u00bb da_disable_devices=\u00bboff|off|off\u00bb global_colors_info=\u00bb{}\u00bb da_is_popup=\u00bboff\u00bb da_exit_intent=\u00bboff\u00bb da_has_close=\u00bbon\u00bb da_alt_close=\u00bboff\u00bb da_dark_close=\u00bboff\u00bb da_not_modal=\u00bbon\u00bb da_is_singular=\u00bboff\u00bb da_with_loader=\u00bboff\u00bb da_has_shadow=\u00bbon\u00bb][et_pb_fullwidth_slider show_pagination=\u00bboff\u00bb arrows_custom_color=\u00bb#41b3e9&#8243; dot_nav_custom_color=\u00bb#41b3e9&#8243; _builder_version=\u00bb4.17.0&#8243; _module_preset=\u00bbdefault\u00bb content_width=\u00bb100%\u00bb custom_padding=\u00bb|8px||||\u00bb hover_enabled=\u00bb0&#8243; global_colors_info=\u00bb{}\u00bb sticky_enabled=\u00bb0&#8243;][et_pb_slide image=\u00bbhttp:\/\/cofradiaportonovo.com\/enlonxatour\/wp-content\/uploads\/2022\/05\/seccion-0.jpeg\u00bb admin_title=\u00bbIntroducci\u00f3n\u00bb _builder_version=\u00bb4.17.0&#8243; _module_preset=\u00bbdefault\u00bb background_color=\u00bb#FFFFFF\u00bb background_enable_color=\u00bbon\u00bb background_enable_image=\u00bboff\u00bb background_size=\u00bbcontain\u00bb background_position=\u00bbtop_center\u00bb custom_padding=\u00bb0px|0px|0px|0px|false|false\u00bb custom_css_slide_description=\u00bbdisplay: none;\u00bb global_colors_info=\u00bb{}\u00bb sticky_transition=\u00bbon\u00bb][\/et_pb_slide][et_pb_slide image=\u00bbhttp:\/\/cofradiaportonovo.com\/enlonxatour\/wp-content\/uploads\/2022\/05\/seccion-contaminacion.jpg\u00bb admin_title=\u00bbContaminaci\u00f3n\u00bb _builder_version=\u00bb4.17.0&#8243; _module_preset=\u00bbdefault\u00bb background_color=\u00bb#FFFFFF\u00bb background_enable_color=\u00bbon\u00bb background_enable_image=\u00bboff\u00bb background_size=\u00bbcontain\u00bb background_position=\u00bbtop_center\u00bb custom_padding=\u00bb0px|0px|0px|0px|false|false\u00bb custom_css_slide_description=\u00bbdisplay: none;\u00bb global_colors_info=\u00bb{}\u00bb sticky_transition=\u00bbon\u00bb]<\/p>\n<div class=\"p-1 caja-info\">\n<div class=\"blob\"><a href=\"#p1-1\">!<\/a><\/div>\n<div class=\"tooltip-info\" id=\"2\">\n<p><span style=\"font-weight: 400; color: #105788;\">Sabes que o pl\u00e1stico sup\u00f3n o 90% do lixo mari\u00f1o?<\/span><\/p>\n<p><span style=\"font-weight: 400; color: #869e60;\">\u00bfSabes que el pl\u00e1stico supone el 90% de la basura marina?<\/span><\/p>\n<\/div>\n<\/div>\n<div class=\"p-2 caja-info caja-izq\">\n<div class=\"blob\"><span href=\"#p1-2\">!<\/span><\/div>\n<div class=\"tooltip-info\" id=\"2\">\n<p><span style=\"font-weight: 400; color: #105788;\">Reduce, reutiliza, recicla, redese\u00f1a, recupera, repara, renova.<\/span><\/p>\n<p><span style=\"font-weight: 400; color: #869e60;\">Reduce, reutiliza, recicla, redise\u00f1a, recupera, repara, renueva.<\/span><\/p>\n<\/div>\n<\/div>\n<p>[\/et_pb_slide][et_pb_slide image=\u00bbhttp:\/\/cofradiaportonovo.com\/enlonxatour\/wp-content\/uploads\/2022\/05\/seccion-1-2.jpg\u00bb admin_title=\u00bbA Pesca do Cerco\u00bb _builder_version=\u00bb4.17.0&#8243; _module_preset=\u00bbdefault\u00bb background_color=\u00bb#FFFFFF\u00bb background_enable_color=\u00bbon\u00bb background_enable_image=\u00bboff\u00bb background_size=\u00bbcontain\u00bb background_position=\u00bbtop_center\u00bb custom_padding=\u00bb0px|0px|0px|0px|false|false\u00bb custom_css_slide_description=\u00bbdisplay: none;\u00bb global_colors_info=\u00bb{}\u00bb sticky_transition=\u00bbon\u00bb]<\/p>\n<div class=\"p-1 caja-info\">\n<div class=\"blob\"><a href=\"#p1-1\">!<\/a><\/div>\n<div class=\"tooltip-info\" id=\"2\">\n<p><span style=\"font-weight: 400; color: #105788;\">As embarcaci\u00f3ns te\u00f1en una eslora m\u00ednima de 11 metros.<\/span><\/p>\n<p><span style=\"font-weight: 400; color: #869e60;\">Las embarcaciones tienen una eslora m\u00ednima de 11 metros.<\/span><\/p>\n<\/div>\n<\/div>\n<div class=\"p-2 caja-info\">\n<div class=\"blob\"><span href=\"#p1-2\">!<\/span><\/div>\n<div class=\"tooltip-info\" id=\"2\">\n<p><span style=\"font-weight: 400; color: #105788;\">A pesca de cerco real\u00edzase pola noite.<\/span><\/p>\n<p><span style=\"font-weight: 400; color: #869e60;\">La pesca de cerco se realiza por la noche.<\/span><\/p>\n<\/div>\n<\/div>\n<div class=\"p-3 caja-info caja-izq\">\n<div class=\"blob\"><span href=\"#p1-2\">!<\/span><\/div>\n<div class=\"tooltip-info\" id=\"2\">\n<p><span style=\"font-weight: 400; color: #105788;\">A pesca do cerco foi un dos motores econ\u00f3micos da vila de Portonovo.<\/span><\/p>\n<p><span style=\"font-weight: 400; color: #869e60;\">La pesca del cerco fue uno de los motores econ\u00f3micos de la villa de Portonovo.<\/span><\/p>\n<\/div>\n<\/div>\n<p>[\/et_pb_slide][et_pb_slide image=\u00bbhttp:\/\/cofradiaportonovo.com\/enlonxatour\/wp-content\/uploads\/2022\/05\/seccion-2.jpg\u00bb admin_title=\u00bbA pesca de Enmalle\u00bb _builder_version=\u00bb4.17.0&#8243; _module_preset=\u00bbdefault\u00bb background_color=\u00bb#FFFFFF\u00bb background_enable_color=\u00bbon\u00bb background_enable_image=\u00bboff\u00bb background_size=\u00bbcontain\u00bb background_position=\u00bbtop_center\u00bb custom_padding=\u00bb0px|0px|0px|0px|false|false\u00bb custom_css_slide_description=\u00bbdisplay: none;\u00bb global_colors_info=\u00bb{}\u00bb sticky_transition=\u00bbon\u00bb]<\/p>\n<div class=\"p-1 caja-info caja-der\">\n<div class=\"blob\"><a href=\"#p1-1\">!<\/a><\/div>\n<div class=\"tooltip-info\" id=\"2\">\n<p><span style=\"font-weight: 400; color: #105788;\">As embarcaci\u00f3ns te\u00f1en unha eslora m\u00e1xima de 24 metros.<\/span><\/p>\n<p><span style=\"font-weight: 400; color: #869e60;\">Las embarcaciones tienen una eslora m\u00e1xima de 24 metros.<\/span><\/p>\n<\/div>\n<\/div>\n<div class=\"p-2 caja-info caja-izq\">\n<div class=\"blob\"><span href=\"#p1-2\">!<\/span><\/div>\n<div class=\"tooltip-info\" id=\"2\">\n<p><span style=\"font-weight: 400; color: #105788;\">A pesca de enmalle real\u00edzase principalmente pola ma\u00f1\u00e1 cedo.<\/span><\/p>\n<p><span style=\"font-weight: 400; color: #869e60;\">La pesca de enmalle se realiza principalmente por la ma\u00f1ana temprano.<\/span><\/p>\n<\/div>\n<\/div>\n<div class=\"p-3 caja-info caja-izq\">\n<div class=\"blob\"><span href=\"#p1-2\">!<\/span><\/div>\n<div class=\"tooltip-info\" id=\"2\">\n<p><span style=\"font-weight: 400; color: #105788;\">En funci\u00f3n do tipo de rede capt\u00faranse peixes planos, cil\u00edndricos, crust\u00e1ceos, etc.<\/span><\/p>\n<p><span style=\"font-weight: 400; color: #869e60;\">En funci\u00f3n del tipo de red se capturan pescados planos, cil\u00edndricos, crust\u00e1ceos, etc.<\/span><\/p>\n<\/div>\n<\/div>\n<p>[\/et_pb_slide][et_pb_slide image=\u00bbhttp:\/\/cofradiaportonovo.com\/enlonxatour\/wp-content\/uploads\/2022\/05\/seccion-3.jpg\u00bb admin_title=\u00bbA Pesca con nasas\u00bb _builder_version=\u00bb4.17.0&#8243; _module_preset=\u00bbdefault\u00bb background_color=\u00bb#FFFFFF\u00bb background_enable_color=\u00bbon\u00bb background_enable_image=\u00bboff\u00bb background_size=\u00bbcontain\u00bb background_position=\u00bbtop_center\u00bb custom_padding=\u00bb0px|0px|0px|0px|false|false\u00bb custom_css_slide_description=\u00bbdisplay: none;\u00bb global_colors_info=\u00bb{}\u00bb sticky_transition=\u00bbon\u00bb]<\/p>\n<div class=\"p-1 caja-info caja-der\">\n<div class=\"blob\"><a href=\"#p1-1\">!<\/a><\/div>\n<div class=\"tooltip-info\" id=\"2\">\n<p><span style=\"font-weight: 400; color: #105788;\">A veda do polbo dura entre 1 e 2 meses, habitualmente nos meses de maio e xu\u00f1o.<\/span><\/p>\n<p><span style=\"font-weight: 400; color: #869e60;\">La veda del pulpo dura entre 1 y 2 meses, habitualmente en los meses de mayo y junio.<\/span><\/p>\n<\/div>\n<\/div>\n<div class=\"p-2 caja-info caja-izq\">\n<div class=\"blob\"><span href=\"#p1-2\">!<\/span><\/div>\n<div class=\"tooltip-info\" id=\"2\">\n<p><span style=\"font-weight: 400; color: #105788;\">Hai nasas para capturar polbo e outras para n\u00e9cora e camar\u00f3n.<\/span><\/p>\n<p><span style=\"font-weight: 400; color: #869e60;\">Hay nasas para capturar pulpo y otras para n\u00e9cora y camar\u00f3n.<\/span><\/p>\n<\/div>\n<\/div>\n<p>[\/et_pb_slide][et_pb_slide image=\u00bbhttp:\/\/cofradiaportonovo.com\/enlonxatour\/wp-content\/uploads\/2022\/06\/seccion-4-ok.jpg\u00bb admin_title=\u00bbOs recursos espec\u00edficos\u00bb _builder_version=\u00bb4.17.0&#8243; _module_preset=\u00bbdefault\u00bb background_color=\u00bb#FFFFFF\u00bb background_enable_color=\u00bbon\u00bb background_enable_image=\u00bboff\u00bb background_size=\u00bbcontain\u00bb background_position=\u00bbtop_center\u00bb custom_padding=\u00bb0px|0px|0px|0px|false|false\u00bb custom_css_slide_description=\u00bbdisplay: none;\u00bb global_colors_info=\u00bb{}\u00bb sticky_transition=\u00bbon\u00bb]<\/p>\n<div class=\"p-1 caja-info\">\n<div class=\"blob\"><a href=\"#p1-1\">!<\/a><\/div>\n<div class=\"tooltip-info\" id=\"2\">\n<p><span style=\"font-weight: 400; color: #105788;\">Normalmente o ourizo capt\u00farase de outubro a abril.<\/span><\/p>\n<p><span style=\"font-weight: 400; color: #869e60;\">Normalmente el erizo se captura de octubre a abril.<\/span><\/p>\n<\/div>\n<\/div>\n<div class=\"p-2 caja-info caja-izq\">\n<div class=\"blob\"><span href=\"#p1-2\">!<\/span><\/div>\n<div class=\"tooltip-info\" id=\"2\">\n<p><span style=\"font-weight: 400; color: #105788;\">A navalla e o ourizo capt\u00faranse a man e s\u00fabense \u00e1 embarcaci\u00f3n nun salabardo.<\/span><\/p>\n<p><span style=\"font-weight: 400; color: #869e60;\">La navaja y el erizo se capturan a mano y se suben a la embarcaci\u00f3n en un saco.<\/span><\/p>\n<\/div>\n<\/div>\n<div class=\"p-3 caja-info caja-izq\">\n<div class=\"blob\"><span href=\"#p1-3\">!<\/span><\/div>\n<div class=\"tooltip-info\" id=\"3\">\n<p><span style=\"font-weight: 400; color: #105788;\">A veda da navalla \u00e9 entre marzo e abril e dura entre 1 mes e 1 mes e medio.<\/span><\/p>\n<p><span style=\"font-weight: 400; color: #869e60;\">La veda de la navaja es entre marzo y abril y dura entre 1 mes y 1 mes y medio.<\/span><\/p>\n<\/div>\n<\/div>\n<p>[\/et_pb_slide][et_pb_slide image=\u00bbhttp:\/\/cofradiaportonovo.com\/enlonxatour\/wp-content\/uploads\/2022\/05\/seccion-7.jpg\u00bb admin_title=\u00bbArmado e reparaci\u00f3n de redes e aparellos de pesca\u00bb _builder_version=\u00bb4.17.0&#8243; _module_preset=\u00bbdefault\u00bb background_color=\u00bb#FFFFFF\u00bb background_enable_color=\u00bbon\u00bb background_enable_image=\u00bboff\u00bb background_size=\u00bbcontain\u00bb background_position=\u00bbtop_center\u00bb custom_padding=\u00bb0px|0px|0px|0px|false|false\u00bb custom_css_slide_description=\u00bbdisplay: none;\u00bb global_colors_info=\u00bb{}\u00bb sticky_transition=\u00bbon\u00bb]<\/p>\n<div class=\"p-1 caja-info\">\n<div class=\"blob\"><a href=\"#p1-1\">!<\/a><\/div>\n<div class=\"tooltip-info\" id=\"2\">\n<p><span style=\"font-weight: 400; color: #105788;\">O oficio de redeira \u00e9 fundamental para a pesca artesanal.<br \/>\u00c9 un traballo desenvolvido historicamente por mulleres.<br \/><\/span><\/p>\n<p><span style=\"font-weight: 400; color: #869e60;\">El oficio de redera es fundamental para la pesca artesanal.<br \/>Es un trabajo desarrollado hist\u00f3ricamente por mujeres.<br \/><\/span><\/p>\n<\/div>\n<\/div>\n<p>[\/et_pb_slide][et_pb_slide image=\u00bbhttp:\/\/cofradiaportonovo.com\/enlonxatour\/wp-content\/uploads\/2022\/05\/seccion-6.jpg\u00bb admin_title=\u00bbA historia de pesca de Portonovo\u00bb _builder_version=\u00bb4.17.0&#8243; _module_preset=\u00bbdefault\u00bb background_color=\u00bb#FFFFFF\u00bb background_enable_color=\u00bbon\u00bb background_enable_image=\u00bboff\u00bb background_size=\u00bbcontain\u00bb background_position=\u00bbtop_center\u00bb custom_padding=\u00bb0px|0px|0px|0px|false|false\u00bb custom_css_slide_description=\u00bbdisplay: none;\u00bb global_colors_info=\u00bb{}\u00bb sticky_transition=\u00bbon\u00bb][\/et_pb_slide][et_pb_slide image=\u00bbhttp:\/\/cofradiaportonovo.com\/enlonxatour\/wp-content\/uploads\/2022\/05\/seccion-comercio.jpg\u00bb admin_title=\u00bbcomercio minorista\u00bb _builder_version=\u00bb4.17.0&#8243; _module_preset=\u00bbdefault\u00bb background_color=\u00bb#FFFFFF\u00bb background_enable_color=\u00bbon\u00bb background_enable_image=\u00bboff\u00bb background_size=\u00bbcontain\u00bb background_position=\u00bbtop_center\u00bb custom_padding=\u00bb0px|0px|0px|0px|false|false\u00bb custom_css_slide_description=\u00bbdisplay: none;\u00bb global_colors_info=\u00bb{}\u00bb sticky_transition=\u00bbon\u00bb]<\/p>\n<div class=\"p-1 caja-info\">\n<div class=\"blob\"><a href=\"#p1-1\">!<\/a><\/div>\n<div class=\"tooltip-info\" id=\"2\">\n<p><span style=\"font-weight: 400; color: #105788;\">Na lonxa so poden mercar profesionais do sector.<\/span><\/p>\n<p><span style=\"font-weight: 400; color: #869e60;\">En la lonja solo pueden comprar profesionales del sector.<\/span><\/p>\n<\/div>\n<\/div>\n<p>[\/et_pb_slide][et_pb_slide image=\u00bbhttp:\/\/cofradiaportonovo.com\/enlonxatour\/wp-content\/uploads\/2022\/06\/seccion-5-ok.jpg\u00bb admin_title=\u00bbEspecies comerciais\u00bb _builder_version=\u00bb4.17.0&#8243; _module_preset=\u00bbdefault\u00bb background_color=\u00bb#FFFFFF\u00bb background_enable_color=\u00bbon\u00bb background_enable_image=\u00bboff\u00bb background_size=\u00bbcontain\u00bb background_position=\u00bbtop_center\u00bb custom_padding=\u00bb0px|0px|0px|0px|false|false\u00bb custom_css_slide_description=\u00bbdisplay: none;\u00bb global_colors_info=\u00bb{}\u00bb sticky_transition=\u00bbon\u00bb]<\/p>\n<div class=\"p-1 caja-info\">\n<div class=\"blob\"><a href=\"#p1-1\">!<\/a><\/div>\n<div class=\"tooltip-info\" id=\"2\">\n<p><span style=\"font-weight: 400; color: #105788;\">A navalla e o ourizo son os recursos espec\u00edficos que mais se comercializan en Portonovo.<\/span><\/p>\n<p><span style=\"font-weight: 400; color: #869e60;\">La navaja y el erizo son los recursos que m\u00e1s se comercializan en Portonovo.<\/span><\/p>\n<\/div>\n<\/div>\n<div class=\"p-2 caja-info\">\n<div class=\"blob\"><span href=\"#p1-2\">!<\/span><\/div>\n<div class=\"tooltip-info\" id=\"2\">\n<p><span style=\"font-weight: 400; color: #105788;\">Coas nasas capt\u00farase polbo, n\u00e9coras e camar\u00f3ns.<\/span><\/p>\n<p><span style=\"font-weight: 400; color: #869e60;\">Con las nasas se captura pulpo, n\u00e9coras y camarones.<\/span><\/p>\n<\/div>\n<\/div>\n<div class=\"p-3 caja-info\">\n<div class=\"blob\"><span href=\"#p1-2\">!<\/span><\/div>\n<div class=\"tooltip-info\" id=\"2\">\n<p><span style=\"font-weight: 400; color: #105788;\">A sardi\u00f1a, a xarda e o xurelo son as principais especies que se pescan co cerco.<\/span><\/p>\n<p><span style=\"font-weight: 400; color: #869e60;\">La sardina, la caballa y el jurel son las principales especies que se pescan con el cerco.<\/span><\/p>\n<\/div>\n<\/div>\n<p>[\/et_pb_slide][et_pb_slide image=\u00bbhttp:\/\/cofradiaportonovo.com\/enlonxatour\/wp-content\/uploads\/2022\/06\/seccion-5-2-ok.jpg\u00bb admin_title=\u00bbEspecies comerciais II\u00bb _builder_version=\u00bb4.17.0&#8243; _module_preset=\u00bbdefault\u00bb background_color=\u00bb#FFFFFF\u00bb background_enable_color=\u00bbon\u00bb background_enable_image=\u00bboff\u00bb background_size=\u00bbcontain\u00bb background_position=\u00bbtop_center\u00bb custom_padding=\u00bb0px|0px|0px|0px|false|false\u00bb custom_css_slide_description=\u00bbdisplay: none;\u00bb global_colors_info=\u00bb{}\u00bb sticky_transition=\u00bbon\u00bb]<\/p>\n<div class=\"p-1 caja-info\">\n<div class=\"blob\"><span href=\"#p1-1\">!<\/span><\/div>\n<div class=\"tooltip-info\" id=\"1\">\n<p><span style=\"font-weight: 400; color: #105788;\">Faneca, choco, pescada, centola e raia son as principais especies que se capturan con redes de enmalle.<\/span><\/p>\n<p><span style=\"font-weight: 400; color: #869e60;\">Faneca, choco, merluza, centollo y raya son las principales especies que se capturan con redes de enmalle.<\/span><\/p>\n<\/div>\n<\/div>\n<p>[\/et_pb_slide][et_pb_slide button_link=\u00bbhttps:\/\/cofradiaportonovo.com\/enlonxatour\/\u00bb admin_title=\u00bbDespedida\u00bb _builder_version=\u00bb4.17.0&#8243; _module_preset=\u00bbdefault\u00bb body_font_size=\u00bb18px\u00bb body_line_height=\u00bb1.8em\u00bb background_color=\u00bb#FFFFFF\u00bb background_enable_color=\u00bbon\u00bb background_enable_image=\u00bboff\u00bb background_size=\u00bbcontain\u00bb background_position=\u00bbtop_center\u00bb custom_button=\u00bbon\u00bb button_text_color=\u00bb#FFFFFF\u00bb button_bg_color=\u00bb#e52f6d\u00bb button_border_color=\u00bbRGBA(255,255,255,0)\u00bb button_use_icon=\u00bbon\u00bb button_icon=\u00bb&#x3c;||divi||400&#8243; button_icon_placement=\u00bbleft\u00bb custom_padding=\u00bb50px|0px|50px|0px|false|false\u00bb hover_enabled=\u00bb0&#8243; custom_css_slide_description=\u00bbdisplay: none;\u00bb global_colors_info=\u00bb{}\u00bb sticky_transition=\u00bbon\u00bb sticky_enabled=\u00bb0&#8243;]<\/p>\n<p>&nbsp;<\/p>\n<p><a href=\"http:\/\/cofradiaportonovo.com\/enlonxatour\/wp-content\/uploads\/2022\/06\/ENLONXA_TOUR-02.png\"><img loading=\"lazy\" src=\"http:\/\/cofradiaportonovo.com\/enlonxatour\/wp-content\/uploads\/2022\/06\/ENLONXA_TOUR-02.png\" width=\"415\" height=\"87\" alt=\"\" class=\"wp-image-252 alignnone size-full\" \/><\/a><\/p>\n<p style=\"color: #728e45;\"><strong><\/strong><\/p>\n<p style=\"color: #1d517e;\">Grazas por visitar a Lonxa de Portonovo<br \/>Agardamos que disfrutaras descubrindo a historia da vila de Portonovo e as s\u00faas actividades mar\u00edtimo-pesqueiras<br \/><strong>Boa traves\u00eda!<\/strong><\/p>\n<p style=\"color: #728e45;\">Gracias por visitar la Lonja de Portonovo<br \/>Esperamos que disfrutaras descubriendo la historia de la villa de Portonovo y\u00a0 sus actividades mar\u00edtimo-pesqueras<br \/><strong>Buena traves\u00eda!<\/strong><\/p>\n<div class=\"gmail_default\">\n<div class=\"gmail_default\" style=\"text-align: center;\"><span style=\"color: #728e45;\"><strong><\/strong><\/span><\/div>\n<div class=\"gmail_default\" style=\"text-align: center;\"><span style=\"color: #728e45;\"><strong><a href=\"http:\/\/cofradiaportonovo.com\/enlonxatour\/wp-content\/uploads\/2022\/04\/mascota.png\"><img loading=\"lazy\" src=\"http:\/\/cofradiaportonovo.com\/enlonxatour\/wp-content\/uploads\/2022\/04\/mascota.png\" width=\"179\" height=\"114\" alt=\"\" class=\"wp-image-13 alignnone size-full\" \/><\/a><\/strong><\/span><\/div>\n<\/div>\n<p><a class=\"et_pb_button btn-final et_pb_more_button\" href=\"https:\/\/cofradiaportonovo.com\/enlonxatour\/\" data-icon=\"&lt;\">Voltar ao inicio \/ Volver al inicio<\/a><br \/><a class=\"et_pb_button btn-final et_pb_more_button\" href=\"https:\/\/cofradiaportonovo.com\/enlonxatour\/arquivo-historico\/\" data-icon=\"&lt;\">Arquivo hist\u00f3rico \/ Archivo hist\u00f3rico<\/a><\/p>\n<p>&nbsp;<\/p>\n<p>&nbsp;<\/p>\n<p>[\/et_pb_slide][\/et_pb_fullwidth_slider][\/et_pb_section][et_pb_section fb_built=\u00bb1&#8243; _builder_version=\u00bb4.17.0&#8243; _module_preset=\u00bbdefault\u00bb da_disable_devices=\u00bboff|off|off\u00bb global_colors_info=\u00bb{}\u00bb da_is_popup=\u00bboff\u00bb da_exit_intent=\u00bboff\u00bb da_has_close=\u00bbon\u00bb da_alt_close=\u00bboff\u00bb da_dark_close=\u00bboff\u00bb da_not_modal=\u00bbon\u00bb da_is_singular=\u00bboff\u00bb da_with_loader=\u00bboff\u00bb da_has_shadow=\u00bbon\u00bb][et_pb_row _builder_version=\u00bb4.17.0&#8243; _module_preset=\u00bbdefault\u00bb global_colors_info=\u00bb{}\u00bb][et_pb_column type=\u00bb4_4&#8243; _builder_version=\u00bb4.17.0&#8243; _module_preset=\u00bbdefault\u00bb global_colors_info=\u00bb{}\u00bb][et_pb_code _builder_version=\u00bb4.17.0&#8243; _module_preset=\u00bbdefault\u00bb global_colors_info=\u00bb{}\u00bb]<script><!-- [et_pb_line_break_holder] -->jQuery(document).ready(function() {<!-- [et_pb_line_break_holder] -->  <!-- [et_pb_line_break_holder] -->jQuery('body').prepend('<img id=\"image-cursor\" src=\"http:\/\/cofradiaportonovo.com\/enlonxatour\/wp-content\/uploads\/2022\/04\/mascota.png\"\/>');<!-- [et_pb_line_break_holder] --><!-- [et_pb_line_break_holder] -->jQuery(\".et_pb_slide_0\").prepend('<\/p>\n<div class=\"cabecera\"><img loading=\"lazy\" width=\"2560\" height=\"380\" src=\"http:\/\/cofradiaportonovo.com\/enlonxatour\/wp-content\/uploads\/2022\/05\/cabecera-0.jpg\"><\/div>\n<p>');<!-- [et_pb_line_break_holder] --><!-- [et_pb_line_break_holder] -->jQuery(\".et_pb_slide_1\").prepend('<\/p>\n<div class=\"cabecera\"><img loading=\"lazy\" width=\"2560\" height=\"380\" src=\"http:\/\/cofradiaportonovo.com\/enlonxatour\/wp-content\/uploads\/2022\/05\/cabecera-contaminacion.jpg\"><\/div>\n<p>');<!-- [et_pb_line_break_holder] --><!-- [et_pb_line_break_holder] -->jQuery(\".et_pb_slide_2\").prepend('<\/p>\n<div class=\"cabecera\"><img loading=\"lazy\" width=\"2560\" height=\"380\" src=\"http:\/\/cofradiaportonovo.com\/enlonxatour\/wp-content\/uploads\/2022\/05\/cabecera-1.jpeg\"><\/div>\n<p>');<!-- [et_pb_line_break_holder] --><!-- [et_pb_line_break_holder] -->jQuery(\".et_pb_slide_3\").prepend('<\/p>\n<div class=\"cabecera\"><img loading=\"lazy\" width=\"2560\" height=\"380\" src=\"http:\/\/cofradiaportonovo.com\/enlonxatour\/wp-content\/uploads\/2022\/05\/cabecera-2.jpeg\"><\/div>\n<p>');<!-- [et_pb_line_break_holder] --><!-- [et_pb_line_break_holder] -->jQuery(\".et_pb_slide_4\").prepend('<\/p>\n<div class=\"cabecera\"><img loading=\"lazy\" width=\"2560\" height=\"380\" src=\"http:\/\/cofradiaportonovo.com\/enlonxatour\/wp-content\/uploads\/2022\/05\/cabecera-3.jpg\"><\/div>\n<p>');<!-- [et_pb_line_break_holder] --><!-- [et_pb_line_break_holder] -->jQuery(\".et_pb_slide_5\").prepend('<\/p>\n<div class=\"cabecera\"><img loading=\"lazy\" width=\"2560\" height=\"380\" src=\"http:\/\/cofradiaportonovo.com\/enlonxatour\/wp-content\/uploads\/2022\/05\/cabecera-4.jpg\"><\/div>\n<p>');<!-- [et_pb_line_break_holder] --><!-- [et_pb_line_break_holder] -->jQuery(\".et_pb_slide_6\").prepend('<\/p>\n<div class=\"cabecera\"><img loading=\"lazy\" width=\"2560\" height=\"380\" src=\"http:\/\/cofradiaportonovo.com\/enlonxatour\/wp-content\/uploads\/2022\/05\/cabecera-7.jpg\"><\/div>\n<p>');<!-- [et_pb_line_break_holder] --><!-- [et_pb_line_break_holder] -->jQuery(\".et_pb_slide_7\").prepend('<\/p>\n<div class=\"cabecera\"><img loading=\"lazy\" width=\"2560\" height=\"380\" src=\"http:\/\/cofradiaportonovo.com\/enlonxatour\/wp-content\/uploads\/2022\/05\/cabecera-6.jpg\"><\/div>\n<p>');<!-- [et_pb_line_break_holder] --><!-- [et_pb_line_break_holder] -->jQuery(\".et_pb_slide_8\").prepend('<\/p>\n<div class=\"cabecera\"><img loading=\"lazy\" width=\"2560\" height=\"380\" src=\"http:\/\/cofradiaportonovo.com\/enlonxatour\/wp-content\/uploads\/2022\/05\/cabecera-comercio.jpg\"><\/div>\n<p>');<!-- [et_pb_line_break_holder] --><!-- [et_pb_line_break_holder] -->jQuery(\".et_pb_slide_9\").prepend('<\/p>\n<div class=\"cabecera\"><img loading=\"lazy\" width=\"2560\" height=\"380\" src=\"http:\/\/cofradiaportonovo.com\/enlonxatour\/wp-content\/uploads\/2022\/05\/cabecera-5.jpeg\"><\/div>\n<p>');<!-- [et_pb_line_break_holder] -->  <!-- [et_pb_line_break_holder] -->jQuery(\".et_pb_slide_10\").prepend('<\/p>\n<div class=\"cabecera\"><img loading=\"lazy\" width=\"2560\" height=\"380\" src=\"http:\/\/cofradiaportonovo.com\/enlonxatour\/wp-content\/uploads\/2022\/05\/cabecera-5.jpeg\"><\/div>\n<p>');<!-- [et_pb_line_break_holder] --><!-- [et_pb_line_break_holder] -->jQuery(\".et_pb_slide\").append('<\/p>\n<div class=\"footer\"><img loading=\"lazy\" width=\"2559\" height=\"120\" src=\"http:\/\/cofradiaportonovo.com\/enlonxatour\/wp-content\/uploads\/2022\/08\/logos-footer-2.jpg\"><\/div>\n<p>');<!-- [et_pb_line_break_holder] -->});<!-- [et_pb_line_break_holder] --><!-- [et_pb_line_break_holder] -->jQuery(document).ready(function(){<!-- [et_pb_line_break_holder] -->    jQuery('.caja-info').click(function(){<!-- [et_pb_line_break_holder] -->        jQuery('.tooltip-info').hide();<!-- [et_pb_line_break_holder] -->        var parent = jQuery(this).parent().attr('id');<!-- [et_pb_line_break_holder] -->        if (jQuery(this).find(\".tooltip-info\").is (':hidden'))<!-- [et_pb_line_break_holder] -->            jQuery(this).find(\".tooltip-info\").show();<!-- [et_pb_line_break_holder] -->        else<!-- [et_pb_line_break_holder] -->            jQuery(this).find(\".tooltip-info\").hide();<!-- [et_pb_line_break_holder] -->        return false;<!-- [et_pb_line_break_holder] -->    });<!-- [et_pb_line_break_holder] --><!-- [et_pb_line_break_holder] -->    jQuery('body,html').click(function(){<!-- [et_pb_line_break_holder] -->         jQuery('.tooltip-info').hide();<!-- [et_pb_line_break_holder] -->    });<!-- [et_pb_line_break_holder] -->  <!-- [et_pb_line_break_holder] -->  setTimeout(<!-- [et_pb_line_break_holder] -->  function() <!-- [et_pb_line_break_holder] -->  {<!-- [et_pb_line_break_holder] -->    jQuery('.et-pb-slider-arrows').click(function(){<!-- [et_pb_line_break_holder] -->         jQuery('.tooltip-info').hide();<!-- [et_pb_line_break_holder] -->    });<!-- [et_pb_line_break_holder] -->  }, 2000);<!-- [et_pb_line_break_holder] -->});<!-- [et_pb_line_break_holder] --><!-- [et_pb_line_break_holder] -->  <!-- [et_pb_line_break_holder] --><!-- [et_pb_line_break_holder] -->  jQuery(document).mousemove(function(e){<!-- [et_pb_line_break_holder] -->    jQuery(\"#image-cursor\").css({left:e.pageX, top:e.pageY});<!-- [et_pb_line_break_holder] -->});<!-- [et_pb_line_break_holder] --><\/script>[\/et_pb_code][\/et_pb_column][\/et_pb_row][\/et_pb_section]<\/p>\n","protected":false},"excerpt":{"rendered":"<p>! Sabes que o pl\u00e1stico sup\u00f3n o 90% do lixo mari\u00f1o? \u00bfSabes que el pl\u00e1stico supone el 90% de la basura marina? ! Reduce, reutiliza, recicla, redese\u00f1a, recupera, repara, renova. Reduce, reutiliza, recicla, redise\u00f1a, recupera, repara, renueva. ! As embarcaci\u00f3ns te\u00f1en una eslora m\u00ednima de 11 metros. Las embarcaciones tienen una eslora m\u00ednima de 11 [&hellip;]<\/p>\n","protected":false},"author":1,"featured_media":0,"parent":0,"menu_order":0,"comment_status":"closed","ping_status":"closed","template":"page-template-blank.php","meta":{"_et_pb_use_builder":"on","_et_pb_old_content":"","_et_gb_content_width":""},"_links":{"self":[{"href":"https:\/\/cofradiaportonovo.com\/enlonxatour\/wp-json\/wp\/v2\/pages\/23"}],"collection":[{"href":"https:\/\/cofradiaportonovo.com\/enlonxatour\/wp-json\/wp\/v2\/pages"}],"about":[{"href":"https:\/\/cofradiaportonovo.com\/enlonxatour\/wp-json\/wp\/v2\/types\/page"}],"author":[{"embeddable":true,"href":"https:\/\/cofradiaportonovo.com\/enlonxatour\/wp-json\/wp\/v2\/users\/1"}],"replies":[{"embeddable":true,"href":"https:\/\/cofradiaportonovo.com\/enlonxatour\/wp-json\/wp\/v2\/comments?post=23"}],"version-history":[{"count":187,"href":"https:\/\/cofradiaportonovo.com\/enlonxatour\/wp-json\/wp\/v2\/pages\/23\/revisions"}],"predecessor-version":[{"id":831,"href":"https:\/\/cofradiaportonovo.com\/enlonxatour\/wp-json\/wp\/v2\/pages\/23\/revisions\/831"}],"wp:attachment":[{"href":"https:\/\/cofradiaportonovo.com\/enlonxatour\/wp-json\/wp\/v2\/media?parent=23"}],"curies":[{"name":"wp","href":"https:\/\/api.w.org\/{rel}","templated":true}]}}